{"id":954,"date":"2022-10-11T07:46:59","date_gmt":"2022-10-11T07:46:59","guid":{"rendered":"https:\/\/100letmetropole.cz\/?page_id=954"},"modified":"2022-10-11T07:46:59","modified_gmt":"2022-10-11T07:46:59","slug":"cookies","status":"publish","type":"page","link":"https:\/\/100letmetropole.cz\/index.php\/cookies\/","title":{"rendered":"Cookies"},"content":{"rendered":"\n<h2 class=\"wp-block-heading\">1. Co jsou to soubory cookie a k \u010demu se pou\u017e\u00edvaj\u00ed?<\/h2>\n\n\n\n<p>Webov\u00e9 str\u00e1nky 100letmetropole.cz podobn\u011b jako v\u011bt\u0161ina webov\u00fdch str\u00e1nek pou\u017e\u00edvaj\u00ed soubory cookie. Soubory cookie jsou mal\u00e9 textov\u00e9 soubory, kter\u00e9 se obvykle skl\u00e1daj\u00ed z p\u00edsmen a \u010d\u00edsel a jsou ulo\u017eeny na va\u0161em po\u010d\u00edta\u010di, tabletu, mobiln\u00edm za\u0159\u00edzen\u00ed apod., kdykoli prost\u0159ednictv\u00edm dan\u00e9ho za\u0159\u00edzen\u00ed nav\u0161t\u00edv\u00edte webov\u00e9 str\u00e1nky. Soubory cookie jsou p\u0159ij\u00edm\u00e1ny va\u0161\u00edm webov\u00fdm prohl\u00ed\u017ee\u010dem a slou\u017e\u00ed k identifikaci va\u0161eho za\u0159\u00edzen\u00ed.<\/p>\n\n\n\n<p>Ve zkratce se d\u00e1 \u0159\u00edct, \u017ee soubory cookie pou\u017e\u00edv\u00e1me k optim\u00e1ln\u00edmu nastaven\u00ed poskytovan\u00fdch informac\u00ed prost\u0159ednictv\u00edm na\u0161ich webov\u00fdch str\u00e1nek, nastaven\u00ed odkaz\u016f a dal\u0161\u00edch funk\u010dn\u00edch \u010d\u00e1st\u00ed webov\u00fdch str\u00e1nek, a d\u00e1le ke shroma\u017e\u010fov\u00e1n\u00ed informac\u00ed o va\u0161\u00ed n\u00e1v\u0161t\u011bv\u011b webov\u00fdch str\u00e1nek, jako je nap\u0159. po\u010det n\u00e1v\u0161t\u011bv, pr\u016fm\u011brn\u00e1 doba str\u00e1ven\u00e1 na webov\u00fdch str\u00e1nk\u00e1ch, historie va\u0161eho webov\u00e9ho prohl\u00ed\u017ee\u010de<br>na webov\u00e9 str\u00e1nce a dal\u0161\u00ed statistiky, abychom v\u00e1m tak mohli poskytovat vhodn\u00fd obsah odpov\u00eddaj\u00edc\u00ed va\u0161im z\u00e1jm\u016fm.<\/p>\n\n\n\n<p>Z\u00e1rove\u0148 soubory cookie prohl\u00ed\u017een\u00ed webov\u00fdch str\u00e1nek nijak nezpomaluj\u00ed.<\/p>\n\n\n\n<h2 class=\"wp-block-heading\">2. Jak\u00e9 druhy soubor\u016f cookie pou\u017e\u00edv\u00e1me na na\u0161ich webov\u00fdch str\u00e1nk\u00e1ch?<\/h2>\n\n\n\n<p>Na webov\u00fdch str\u00e1nk\u00e1ch pou\u017e\u00edv\u00e1me n\u00e1sleduj\u00edc\u00ed druhy soubor\u016f cookie:<\/p>\n\n\n\n<p>A) Zcela nezbytn\u00e9 soubory cookie<\/p>\n\n\n\n<p>B) Funk\u010dn\u00ed soubory cookie<\/p>\n\n\n\n<p>C) Analytick\u00e9 soubory cookie<\/p>\n\n\n\n<h3 class=\"wp-block-heading\">A) Zcela nezbytn\u00e9 soubory cookie<\/h3>\n\n\n\n<p>Jedn\u00e1 se o soubory cookie, kter\u00e9 jsou zcela nezbytn\u00e9 pro provoz webov\u00fdch str\u00e1nek \u2013 webov\u00e9 str\u00e1nky by bez nich v\u016fbec nefungovaly nebo by nefungovaly optim\u00e1ln\u011b.<\/p>\n\n\n\n<p>Zcela nezbytn\u00e9 soubory cookie se neukl\u00e1daj\u00ed na va\u0161em po\u010d\u00edta\u010di nebo za\u0159\u00edzen\u00ed trvale a sma\u017eou se po zav\u0159en\u00ed webov\u00e9ho prohl\u00ed\u017ee\u010de.<\/p>\n\n\n\n<h3 class=\"wp-block-heading\">B) Funk\u010dn\u00ed soubory cookie<\/h3>\n\n\n\n<p>Jedn\u00e1 se o soubory cookie, kter\u00e9 slou\u017e\u00ed ke zlep\u0161en\u00ed funk\u010dnosti str\u00e1nek a kter\u00e9 zaji\u0161\u0165uj\u00ed v\u00edce personalizovan\u00e9 prost\u0159ed\u00ed webov\u00fdch str\u00e1nek. M\u016f\u017ee se nap\u0159\u00edklad jednat o soubory cookie, kter\u00e9 si pamatuj\u00ed d\u0159\u00edve zobrazovan\u00fd obsah webov\u00fdch str\u00e1nek nebo e-mailov\u00e9 adresy a u\u017eivatelsk\u00e1 jm\u00e9na, zadan\u00e9 p\u0159i registraci p\u0159i d\u0159\u00edv\u011bj\u0161\u00edch n\u00e1v\u0161t\u011bv\u00e1ch webov\u00fdch str\u00e1nek. D\u00edky funk\u010dn\u00edm soubor\u016fm cookie m\u016f\u017ee spole\u010dnost Mediapark s.r.o. nab\u00edzet obsah p\u0159izp\u016fsoben\u00fd va\u0161im z\u00e1jm\u016fm a \u0161et\u0159it v\u00e1\u0161 \u010das t\u00edm, \u017ee se p\u0159i dal\u0161\u00edch n\u00e1v\u0161t\u011bv\u00e1ch webov\u00fdch str\u00e1nek nemus\u00edte znovu registrovat a znovu zad\u00e1vat informace.<\/p>\n\n\n\n<h3 class=\"wp-block-heading\">C) Analytick\u00e9 soubory cookie<\/h3>\n\n\n\n<p>Analytick\u00e9 soubory cookie n\u00e1m pom\u00e1haj\u00ed neust\u00e1le vylep\u0161ovat na\u0161e webov\u00e9 str\u00e1nky pr\u00e1v\u011b d\u00edky sledov\u00e1n\u00ed statistick\u00fdch \u00fadaj\u016f. Nap\u0159\u00edklad jak\u00e1 byla celkov\u00e1 n\u00e1v\u0161t\u011bvnost webov\u00fdch str\u00e1nek, kolik lid\u00ed celkem kliklo na dan\u00e9 tla\u010d\u00edtko apod.<\/p>\n\n\n\n<p>Jako analytick\u00e9 n\u00e1stroje vyu\u017e\u00edv\u00e1me slu\u017eby Google Analytics. Slu\u017eby Google Analytics jsou nakonfigurov\u00e1ny tak, aby nebylo mo\u017en\u00e9 v\u00e1s identifikovat \u2013 IP adresy v\u0161ech n\u00e1v\u0161t\u011bvn\u00edk\u016f na\u0161ich webov\u00fdch str\u00e1nek jsou anonymizov\u00e1ny.<\/p>\n\n\n\n<h3 class=\"wp-block-heading\">3. Nastaven\u00ed (odstran\u011bn\u00ed) soubor\u016f cookie<\/h3>\n\n\n\n<p>Soubory cookie jsou ve v\u011bt\u0161in\u011b prohl\u00ed\u017ee\u010d\u016f ve v\u00fdchoz\u00edm nastaven\u00ed povoleny. Pokud nechce n\u00e1v\u0161t\u011bvn\u00edk webov\u00fdch str\u00e1nek soubory cookie pou\u017e\u00edvat nebo pokud chce, aby webov\u00fd prohl\u00ed\u017ee\u010d pou\u017eit\u00ed soubor\u016f cookie ozn\u00e1mil, mus\u00ed prov\u00e9st pot\u0159ebn\u00e1 nastaven\u00ed ve sv\u00e9m webov\u00e9m prohl\u00ed\u017ee\u010di. V\u00edce informac\u00ed o tom, jak zapnout a vypnout soubory cookie a jak je odstranit, najdete v n\u00e1pov\u011bd\u011b ve va\u0161em webov\u00e9m prohl\u00ed\u017ee\u010di.<\/p>\n\n\n\n<p>Nastaven\u00ed z\u00e1kazu pou\u017eit\u00ed soubor\u016f cookie m\u016f\u017ee znamenat omezen\u00ed nebo nedostupnost n\u011bkter\u00fdch funkcionalit na\u0161ich webov\u00fdch str\u00e1nek.<\/p>\n","protected":false},"excerpt":{"rendered":"<p>1. Co jsou to soubory cookie a k \u010demu se pou\u017e\u00edvaj\u00ed? Webov\u00e9 str\u00e1nky 100letmetropole.cz podobn\u011b jako v\u011bt\u0161ina webov\u00fdch str\u00e1nek pou\u017e\u00edvaj\u00ed soubory cookie. Soubory cookie jsou mal\u00e9 textov\u00e9 soubory, kter\u00e9 se obvykle skl\u00e1daj\u00ed z p\u00edsmen a \u010d\u00edsel a jsou ulo\u017eeny na va\u0161em po\u010d\u00edta\u010di, tabletu, mobiln\u00edm za\u0159\u00edzen\u00ed apod., kdykoli prost\u0159ednictv\u00edm dan\u00e9ho za\u0159\u00edzen\u00ed nav\u0161t\u00edv\u00edte webov\u00e9 str\u00e1nky. Soubory cookie [&hellip;]<\/p>\n","protected":false},"author":1,"featured_media":0,"parent":0,"menu_order":0,"comment_status":"closed","ping_status":"closed","template":"","meta":{"site-sidebar-layout":"default","site-content-layout":"","ast-site-content-layout":"","site-content-style":"default","site-sidebar-style":"default","ast-global-header-display":"","ast-banner-title-visibility":"","ast-main-header-display":"","ast-hfb-above-header-display":"","ast-hfb-below-header-display":"","ast-hfb-mobile-header-display":"","site-post-title":"","ast-breadcrumbs-content":"","ast-featured-img":"","footer-sml-layout":"","theme-transparent-header-meta":"","adv-header-id-meta":"","stick-header-meta":"","header-above-stick-meta":"","header-main-stick-meta":"","header-below-stick-meta":"","astra-migrate-meta-layouts":"default","ast-page-background-enabled":"default","ast-page-background-meta":{"desktop":{"background-color":"","background-image":"","background-repeat":"repeat","background-position":"center center","background-size":"auto","background-attachment":"scroll","background-type":"","background-media":"","overlay-type":"","overlay-color":"","overlay-opacity":"","overlay-gradient":""},"tablet":{"background-color":"","background-image":"","background-repeat":"repeat","background-position":"center center","background-size":"auto","background-attachment":"scroll","background-type":"","background-media":"","overlay-type":"","overlay-color":"","overlay-opacity":"","overlay-gradient":""},"mobile":{"background-color":"","background-image":"","background-repeat":"repeat","background-position":"center center","background-size":"auto","background-attachment":"scroll","background-type":"","background-media":"","overlay-type":"","overlay-color":"","overlay-opacity":"","overlay-gradient":""}},"ast-content-background-meta":{"desktop":{"background-color":"var(--ast-global-color-5)","background-image":"","background-repeat":"repeat","background-position":"center center","background-size":"auto","background-attachment":"scroll","background-type":"","background-media":"","overlay-type":"","overlay-color":"","overlay-opacity":"","overlay-gradient":""},"tablet":{"background-color":"var(--ast-global-color-5)","background-image":"","background-repeat":"repeat","background-position":"center center","background-size":"auto","background-attachment":"scroll","background-type":"","background-media":"","overlay-type":"","overlay-color":"","overlay-opacity":"","overlay-gradient":""},"mobile":{"background-color":"var(--ast-global-color-5)","background-image":"","background-repeat":"repeat","background-position":"center center","background-size":"auto","background-attachment":"scroll","background-type":"","background-media":"","overlay-type":"","overlay-color":"","overlay-opacity":"","overlay-gradient":""}},"ngg_post_thumbnail":0,"footnotes":""},"class_list":["post-954","page","type-page","status-publish","hentry"],"rttpg_featured_image_url":null,"rttpg_author":{"display_name":"jan.sindelar","author_link":"https:\/\/100letmetropole.cz\/index.php\/author\/jan-sindelar\/"},"rttpg_comment":0,"rttpg_category":null,"rttpg_excerpt":"1. Co jsou to soubory cookie a k \u010demu se pou\u017e\u00edvaj\u00ed? Webov\u00e9 str\u00e1nky 100letmetropole.cz podobn\u011b jako v\u011bt\u0161ina webov\u00fdch str\u00e1nek pou\u017e\u00edvaj\u00ed soubory cookie. Soubory cookie jsou mal\u00e9 textov\u00e9 soubory, kter\u00e9 se obvykle skl\u00e1daj\u00ed z p\u00edsmen a \u010d\u00edsel a jsou ulo\u017eeny na va\u0161em po\u010d\u00edta\u010di, tabletu, mobiln\u00edm za\u0159\u00edzen\u00ed apod., kdykoli prost\u0159ednictv\u00edm dan\u00e9ho za\u0159\u00edzen\u00ed nav\u0161t\u00edv\u00edte webov\u00e9 str\u00e1nky. Soubory cookie&hellip;","_links":{"self":[{"href":"https:\/\/100letmetropole.cz\/index.php\/wp-json\/wp\/v2\/pages\/954","targetHints":{"allow":["GET"]}}],"collection":[{"href":"https:\/\/100letmetropole.cz\/index.php\/wp-json\/wp\/v2\/pages"}],"about":[{"href":"https:\/\/100letmetropole.cz\/index.php\/wp-json\/wp\/v2\/types\/page"}],"author":[{"embeddable":true,"href":"https:\/\/100letmetropole.cz\/index.php\/wp-json\/wp\/v2\/users\/1"}],"replies":[{"embeddable":true,"href":"https:\/\/100letmetropole.cz\/index.php\/wp-json\/wp\/v2\/comments?post=954"}],"version-history":[{"count":1,"href":"https:\/\/100letmetropole.cz\/index.php\/wp-json\/wp\/v2\/pages\/954\/revisions"}],"predecessor-version":[{"id":956,"href":"https:\/\/100letmetropole.cz\/index.php\/wp-json\/wp\/v2\/pages\/954\/revisions\/956"}],"wp:attachment":[{"href":"https:\/\/100letmetropole.cz\/index.php\/wp-json\/wp\/v2\/media?parent=954"}],"curies":[{"name":"wp","href":"https:\/\/api.w.org\/{rel}","templated":true}]}}